{"id":21430,"date":"2024-07-10T12:43:49","date_gmt":"2024-07-10T12:43:49","guid":{"rendered":"https:\/\/www.trccompanies.com\/a-propos-de-nous\/politiques\/"},"modified":"2024-11-26T11:47:53","modified_gmt":"2024-11-26T11:47:53","slug":"politiques","status":"publish","type":"page","link":"https:\/\/www.trccompanies.com\/fr\/a-propos-de-nous\/politiques\/","title":{"rendered":"Politiques"},"content":{"rendered":"<!-- Start Block: acf\/innerpage-related-materials -->\n<section class=\"material-cards bg-blanc-brouillard\">\n    <div class=\"container-fluid js-animated-content animated-content\">\n        <div class=\"material-cards__headlines  js-animated-content animated-content\">\n            <div class=\"material-card__content js-animated-content animated-content\">\n                <p class=\"sub-heading\">Politiques d\u2019entreprise<\/p>\n<h2 class=\"label\">TRC est fi\u00e8re de publier publiquement nos politiques en mati\u00e8re de s\u00e9curit\u00e9, de qualit\u00e9, d\u2019int\u00e9grit\u00e9 et d\u2019\u00e9thique.<\/h2>\n            <\/div>\n            <div class=\"material-card__link\">\n                <a href=\"https:\/\/www.trccompanies.com\/contact-us\/\" title=\"Contactez-nous\" class=\"btn btn-tertiary hidden-md-down\" >Contactez-nous<\/a>            <\/div>\n        <\/div>\n        <div class=\"row js-related-material-slider js-related-marterial-container js-custom-slider\" data-item=\"6\">\n                        <div class=\"col-xxs-12 col-lg-4 material-card-item\">\n                <div class=\"material-card\">\n                                            <div class=\"material-card__details \">\n                            <h5 class=\"material-card__title\">\n                                <img decoding=\"async\" width=\"30\" height=\"30\" src=\"https:\/\/www.trccompanies.com\/wp-content\/uploads\/2024\/08\/picture_as_pdf_24dp-black.svg\" class=\"attachment-full size-full\" alt=\"picture_as_pdf_24dp-black\" \/>                                Transparence de la couverture \u2013 Fichiers lisibles par machine                            <\/h5>\n                            <p class=\"material-card__description\">Mise \u00e0 jour <\/p>\n                        <\/div>\n                        <div class=\"material-card__bttn\">\n                                                        <a href=\"\" target=\"_blank\"><span>t\u00e9l\u00e9charger le fichier<\/span><img decoding=\"async\" width=\"28\" height=\"28\" src=\"https:\/\/www.trccompanies.com\/wp-content\/uploads\/2024\/08\/sim_card_download_24dp-black.svg\" class=\"attachment-full size-full\" alt=\"sim_card_download_24dp-black\" \/><\/a>\n                        <\/div>\n                                    <\/div>\n            <\/div>\n                        <div class=\"col-xxs-12 col-lg-4 material-card-item\">\n                <div class=\"material-card\">\n                                            <div class=\"material-card__details \">\n                            <h5 class=\"material-card__title\">\n                                <img decoding=\"async\" width=\"30\" height=\"30\" src=\"https:\/\/www.trccompanies.com\/wp-content\/uploads\/2024\/08\/picture_as_pdf_24dp-black.svg\" class=\"attachment-full size-full\" alt=\"picture_as_pdf_24dp-black\" \/>                                Avis de confidentialit\u00e9 aux employ\u00e9s potentiels                            <\/h5>\n                            <p class=\"material-card__description\">Publi\u00e9 <\/p>\n                        <\/div>\n                        <div class=\"material-card__bttn\">\n                                                        <a href=\"\" target=\"_blank\"><span>t\u00e9l\u00e9charger le fichier<\/span><img decoding=\"async\" width=\"28\" height=\"28\" src=\"https:\/\/www.trccompanies.com\/wp-content\/uploads\/2024\/08\/sim_card_download_24dp-black.svg\" class=\"attachment-full size-full\" alt=\"sim_card_download_24dp-black\" \/><\/a>\n                        <\/div>\n                                    <\/div>\n            <\/div>\n                        <div class=\"col-xxs-12 col-lg-4 material-card-item\">\n                <div class=\"material-card\">\n                                            <div class=\"material-card__details \">\n                            <h5 class=\"material-card__title\">\n                                <img decoding=\"async\" width=\"30\" height=\"30\" src=\"https:\/\/www.trccompanies.com\/wp-content\/uploads\/2024\/08\/picture_as_pdf_24dp-black.svg\" class=\"attachment-full size-full\" alt=\"picture_as_pdf_24dp-black\" \/>                                Politique en mati\u00e8re d\u2019hygi\u00e8ne et de s\u00e9curit\u00e9 environnementales                            <\/h5>\n                            <p class=\"material-card__description\">Publi\u00e9 avril 18, 2019<\/p>\n                        <\/div>\n                        <div class=\"material-card__bttn\">\n                                                        <a href=\"https:\/\/www.trccompanies.com\/wp-content\/uploads\/2024\/10\/EHS_Policy_final_8.31.23.pdf\" target=\"_blank\"><span>t\u00e9l\u00e9charger le fichier<\/span><img decoding=\"async\" width=\"28\" height=\"28\" src=\"https:\/\/www.trccompanies.com\/wp-content\/uploads\/2024\/08\/sim_card_download_24dp-black.svg\" class=\"attachment-full size-full\" alt=\"sim_card_download_24dp-black\" \/><\/a>\n                        <\/div>\n                                    <\/div>\n            <\/div>\n                        <div class=\"col-xxs-12 col-lg-4 material-card-item\">\n                <div class=\"material-card\">\n                                            <div class=\"material-card__details \">\n                            <h5 class=\"material-card__title\">\n                                <img decoding=\"async\" width=\"30\" height=\"30\" src=\"https:\/\/www.trccompanies.com\/wp-content\/uploads\/2024\/08\/picture_as_pdf_24dp-black.svg\" class=\"attachment-full size-full\" alt=\"picture_as_pdf_24dp-black\" \/>                                Code de conduite des entreprises                            <\/h5>\n                            <p class=\"material-card__description\">Publi\u00e9 D\u00e9cembre 17, 2021<\/p>\n                        <\/div>\n                        <div class=\"material-card__bttn\">\n                                                        <a href=\"https:\/\/www.trccompanies.com\/wp-content\/uploads\/2024\/10\/Corporate-Code-of-Business-Conduct-and-Ethics-rev-2.7.22.pdf\" target=\"_blank\"><span>t\u00e9l\u00e9charger le fichier<\/span><img decoding=\"async\" width=\"28\" height=\"28\" src=\"https:\/\/www.trccompanies.com\/wp-content\/uploads\/2024\/08\/sim_card_download_24dp-black.svg\" class=\"attachment-full size-full\" alt=\"sim_card_download_24dp-black\" \/><\/a>\n                        <\/div>\n                                    <\/div>\n            <\/div>\n                        <div class=\"col-xxs-12 col-lg-4 material-card-item\">\n                <div class=\"material-card\">\n                                            <div class=\"material-card__details \">\n                            <h5 class=\"material-card__title\">\n                                <img decoding=\"async\" width=\"30\" height=\"30\" src=\"https:\/\/www.trccompanies.com\/wp-content\/uploads\/2024\/08\/picture_as_pdf_24dp-black.svg\" class=\"attachment-full size-full\" alt=\"picture_as_pdf_24dp-black\" \/>                                D\u00e9claration de 2023 sur l\u2019esclavage moderne au Royaume-Uni                            <\/h5>\n                            <p class=\"material-card__description\">Publi\u00e9 D\u00e9cembre 8, 2020<\/p>\n                        <\/div>\n                        <div class=\"material-card__bttn\">\n                                                        <a href=\"https:\/\/www.trccompanies.com\/wp-content\/uploads\/2024\/10\/Statement-on-Modern-Slavery-and-Human-Trafficking-Risks-2024.pdf\" target=\"_blank\"><span>t\u00e9l\u00e9charger le fichier<\/span><img decoding=\"async\" width=\"28\" height=\"28\" src=\"https:\/\/www.trccompanies.com\/wp-content\/uploads\/2024\/08\/sim_card_download_24dp-black.svg\" class=\"attachment-full size-full\" alt=\"sim_card_download_24dp-black\" \/><\/a>\n                        <\/div>\n                                    <\/div>\n            <\/div>\n                        <div class=\"col-xxs-12 col-lg-4 material-card-item\">\n                <div class=\"material-card\">\n                                            <div class=\"material-card__details \">\n                            <h5 class=\"material-card__title\">\n                                <img decoding=\"async\" width=\"30\" height=\"30\" src=\"https:\/\/www.trccompanies.com\/wp-content\/uploads\/2024\/08\/picture_as_pdf_24dp-black.svg\" class=\"attachment-full size-full\" alt=\"picture_as_pdf_24dp-black\" \/>                                Politique de gestion de la qualit\u00e9                              <\/h5>\n                            <p class=\"material-card__description\">Publi\u00e9 novembre 19, 2019<\/p>\n                        <\/div>\n                        <div class=\"material-card__bttn\">\n                                                        <a href=\"https:\/\/www.trccompanies.com\/wp-content\/uploads\/2024\/10\/TRC_Quality_Management_Policy_2022-10-07.pdf\" target=\"_blank\"><span>t\u00e9l\u00e9charger le fichier<\/span><img decoding=\"async\" width=\"28\" height=\"28\" src=\"https:\/\/www.trccompanies.com\/wp-content\/uploads\/2024\/08\/sim_card_download_24dp-black.svg\" class=\"attachment-full size-full\" alt=\"sim_card_download_24dp-black\" \/><\/a>\n                        <\/div>\n                                    <\/div>\n            <\/div>\n                        <div class=\"col-xxs-12 col-lg-4 material-card-item\">\n                <div class=\"material-card\">\n                                            <div class=\"material-card__details \">\n                            <h5 class=\"material-card__title\">\n                                <img decoding=\"async\" width=\"30\" height=\"30\" src=\"https:\/\/www.trccompanies.com\/wp-content\/uploads\/2024\/08\/picture_as_pdf_24dp-black.svg\" class=\"attachment-full size-full\" alt=\"picture_as_pdf_24dp-black\" \/>                                Politique en mati\u00e8re de droits de la personne                            <\/h5>\n                            <p class=\"material-card__description\">Publi\u00e9 f\u00e9vrier 20, 2020<\/p>\n                        <\/div>\n                        <div class=\"material-card__bttn\">\n                                                        <a href=\"https:\/\/www.trccompanies.com\/wp-content\/uploads\/2024\/10\/ba0b5853-human-rights-2-20-2020-final.pdf\" target=\"_blank\"><span>t\u00e9l\u00e9charger le fichier<\/span><img decoding=\"async\" width=\"28\" height=\"28\" src=\"https:\/\/www.trccompanies.com\/wp-content\/uploads\/2024\/08\/sim_card_download_24dp-black.svg\" class=\"attachment-full size-full\" alt=\"sim_card_download_24dp-black\" \/><\/a>\n                        <\/div>\n                                    <\/div>\n            <\/div>\n                        <div class=\"col-xxs-12 col-lg-4 material-card-item\">\n                <div class=\"material-card\">\n                                            <div class=\"material-card__details \">\n                            <h5 class=\"material-card__title\">\n                                <img decoding=\"async\" width=\"30\" height=\"30\" src=\"https:\/\/www.trccompanies.com\/wp-content\/uploads\/2024\/08\/picture_as_pdf_24dp-black.svg\" class=\"attachment-full size-full\" alt=\"picture_as_pdf_24dp-black\" \/>                                Code de conduite des fournisseurs                            <\/h5>\n                            <p class=\"material-card__description\">Publi\u00e9 janvier 26, 2021<\/p>\n                        <\/div>\n                        <div class=\"material-card__bttn\">\n                                                        <a href=\"https:\/\/www.trccompanies.com\/wp-content\/uploads\/2024\/10\/638d2f51-supplier-code-of-conduct-2020-final.pdf\" target=\"_blank\"><span>t\u00e9l\u00e9charger le fichier<\/span><img decoding=\"async\" width=\"28\" height=\"28\" src=\"https:\/\/www.trccompanies.com\/wp-content\/uploads\/2024\/08\/sim_card_download_24dp-black.svg\" class=\"attachment-full size-full\" alt=\"sim_card_download_24dp-black\" \/><\/a>\n                        <\/div>\n                                    <\/div>\n            <\/div>\n                    <\/div>\n\n        <div class=\"material-cards__bottom text-right hidden-lg\">\n            <a href=\"https:\/\/www.trccompanies.com\/contact-us\/\" title=\"Contactez-nous\" class=\"btn btn-tertiary\" >Contactez-nous<\/a>        <\/div>\n    <\/div>\n<\/section>\n<!-- End Block: acf\/innerpage-related-materials --><!-- Start Block: acf\/innerpage-cta-bar -->\n<section class=\"global-cta innerpage-cta default\">\n    <div class=\"container-fluid\">\n        <div class=\"global-cta-wrapper  \">\n                                            <h2>Embrassez le changement<\/h2>\n                                <div class=\"global-cta-image\">\n                    <svg xmlns=\"http:\/\/www.w3.org\/2000\/svg\" xmlns:xlink=\"http:\/\/www.w3.org\/1999\/xlink\" width=\"316.566\" height=\"369\" viewBox=\"0 0 316.566 369\">\n                        <defs>\n                            <pattern id=\"pattern\" width=\"1\" height=\"1\" viewBox=\"117.006 0 316.566 369\">\n                                <image preserveAspectRatio=\"xMidYMid slice\" width=\"655.35\" height=\"369\" href=\"\/wp-content\/uploads\/2024\/08\/043b4c82-renewables.jpg\"><\/image>\n                            <\/pattern>\n                        <\/defs>\n                        <path id=\"Union_8\" data-name=\"Union 8\" d=\"M72.087,369,206.869,190.294h109.7L182.891,369ZM0,195.818H68.4l28.66,44.507L68.4,286.43Zm0-10.747L68.4,94.466l28.66,46.1L68.4,185.071Zm205.769-6.365L72.087,0h109.7L316.566,178.706Z\" fill=\"url(#pattern)\"\/>\n                    <\/svg>\n                <\/div>\n                <div class=\"global-cta-content\">\n                    <p>Collaborez avec les praticiens test\u00e9s de TRC<\/p>\n                    <p>\n                        <a href=\"https:\/\/www.trccompanies.com\/contact-us\/\" title=\"Contactez-nous\" class=\"btn btn-primary\" >Contactez-nous<\/a>                    <\/p>\n                <\/div>\n                        \n        <\/div>\n    <\/div>\n<\/section>\n\n<!-- End Block: acf\/innerpage-cta-bar -->","protected":false},"excerpt":{"rendered":"<p>\u00c0 propos des politiques d\u2019entreprise TRC est fi\u00e8re de publier publiquement ses politiques sur la s\u00e9curit\u00e9, la qualit\u00e9 et l\u2019int\u00e9grit\u00e9 et l\u2019\u00e9thique. Transparence de la couverture \u2013 Fichiers lisibles par machine Avis de confidentialit\u00e9 des employ\u00e9s potentiels Politique de sant\u00e9 et de s\u00e9curit\u00e9 environnementales Publi\u00e9 fichier de t\u00e9l\u00e9chargement Code de conduite des entreprises publi\u00e9 fichier de t\u00e9l\u00e9chargement 2023 D\u00e9claration sur l\u2019esclavage moderne au Royaume-Uni Publi\u00e9 fichier de t\u00e9l\u00e9chargement Gestion de la qualit\u00e9 [&#8230;] <\/p>\n","protected":false},"author":2,"featured_media":17627,"parent":21355,"menu_order":0,"comment_status":"closed","ping_status":"closed","template":"","meta":{"_acf_changed":false,"footnotes":""},"class_list":["post-21430","page","type-page","status-publish","has-post-thumbnail","hentry"],"acf":[],"yoast_head":"<!-- This site is optimized with the Yoast SEO plugin v26.9 - https:\/\/yoast.com\/product\/yoast-seo-wordpress\/ -->\n<title>Politiques | CRT | Industries et services<\/title>\n<meta name=\"description\" content=\"TRC est fi\u00e8re de publier publiquement nos politiques en mati\u00e8re de s\u00e9curit\u00e9, de qualit\u00e9, d\u2019int\u00e9grit\u00e9 et d\u2019\u00e9thique.\" \/>\n<meta name=\"robots\" content=\"index, follow, max-snippet:-1, max-image-preview:large, max-video-preview:-1\" \/>\n<link rel=\"canonical\" href=\"https:\/\/www.trccompanies.com\/fr\/a-propos-de-nous\/politiques\/\" \/>\n<meta property=\"og:locale\" content=\"fr_CA\" \/>\n<meta property=\"og:type\" content=\"article\" \/>\n<meta property=\"og:title\" content=\"Politiques | CRT | Industries et services\" \/>\n<meta property=\"og:description\" content=\"TRC est fi\u00e8re de publier publiquement nos politiques en mati\u00e8re de s\u00e9curit\u00e9, de qualit\u00e9, d\u2019int\u00e9grit\u00e9 et d\u2019\u00e9thique.\" \/>\n<meta property=\"og:url\" content=\"https:\/\/www.trccompanies.com\/fr\/a-propos-de-nous\/politiques\/\" \/>\n<meta property=\"og:site_name\" content=\"TRC Companies\" \/>\n<meta property=\"article:modified_time\" content=\"2024-11-26T11:47:53+00:00\" \/>\n<meta property=\"og:image\" content=\"https:\/\/www.trccompanies.com\/wp-content\/uploads\/2024\/10\/cf3ecb2f-zakim-bridge-from-below.webp\" \/>\n\t<meta property=\"og:image:width\" content=\"1792\" \/>\n\t<meta property=\"og:image:height\" content=\"1194\" \/>\n\t<meta property=\"og:image:type\" content=\"image\/webp\" \/>\n<meta name=\"twitter:card\" content=\"summary_large_image\" \/>\n<script type=\"application\/ld+json\" class=\"yoast-schema-graph\">{\"@context\":\"https:\/\/schema.org\",\"@graph\":[{\"@type\":\"WebPage\",\"@id\":\"https:\/\/www.trccompanies.com\/fr\/a-propos-de-nous\/politiques\/\",\"url\":\"https:\/\/www.trccompanies.com\/fr\/a-propos-de-nous\/politiques\/\",\"name\":\"Politiques | CRT | Industries et services\",\"isPartOf\":{\"@id\":\"https:\/\/www.trccompanies.com\/fr\/#website\"},\"primaryImageOfPage\":{\"@id\":\"https:\/\/www.trccompanies.com\/fr\/a-propos-de-nous\/politiques\/#primaryimage\"},\"image\":{\"@id\":\"https:\/\/www.trccompanies.com\/fr\/a-propos-de-nous\/politiques\/#primaryimage\"},\"thumbnailUrl\":\"https:\/\/www.trccompanies.com\/wp-content\/uploads\/2024\/10\/cf3ecb2f-zakim-bridge-from-below.webp\",\"datePublished\":\"2024-07-10T12:43:49+00:00\",\"dateModified\":\"2024-11-26T11:47:53+00:00\",\"description\":\"TRC est fi\u00e8re de publier publiquement nos politiques en mati\u00e8re de s\u00e9curit\u00e9, de qualit\u00e9, d\u2019int\u00e9grit\u00e9 et d\u2019\u00e9thique.\",\"breadcrumb\":{\"@id\":\"https:\/\/www.trccompanies.com\/fr\/a-propos-de-nous\/politiques\/#breadcrumb\"},\"inLanguage\":\"fr-CA\",\"potentialAction\":[{\"@type\":\"ReadAction\",\"target\":[\"https:\/\/www.trccompanies.com\/fr\/a-propos-de-nous\/politiques\/\"]}]},{\"@type\":\"ImageObject\",\"inLanguage\":\"fr-CA\",\"@id\":\"https:\/\/www.trccompanies.com\/fr\/a-propos-de-nous\/politiques\/#primaryimage\",\"url\":\"https:\/\/www.trccompanies.com\/wp-content\/uploads\/2024\/10\/cf3ecb2f-zakim-bridge-from-below.webp\",\"contentUrl\":\"https:\/\/www.trccompanies.com\/wp-content\/uploads\/2024\/10\/cf3ecb2f-zakim-bridge-from-below.webp\",\"width\":1792,\"height\":1194},{\"@type\":\"BreadcrumbList\",\"@id\":\"https:\/\/www.trccompanies.com\/fr\/a-propos-de-nous\/politiques\/#breadcrumb\",\"itemListElement\":[{\"@type\":\"ListItem\",\"position\":1,\"name\":\"Home\",\"item\":\"https:\/\/www.trccompanies.com\/fr\/\"},{\"@type\":\"ListItem\",\"position\":2,\"name\":\"\u00c0 propos de nous\"}]},{\"@type\":\"WebSite\",\"@id\":\"https:\/\/www.trccompanies.com\/fr\/#website\",\"url\":\"https:\/\/www.trccompanies.com\/fr\/\",\"name\":\"TRC Companies\",\"description\":\"\",\"potentialAction\":[{\"@type\":\"SearchAction\",\"target\":{\"@type\":\"EntryPoint\",\"urlTemplate\":\"https:\/\/www.trccompanies.com\/fr\/?s={search_term_string}\"},\"query-input\":{\"@type\":\"PropertyValueSpecification\",\"valueRequired\":true,\"valueName\":\"search_term_string\"}}],\"inLanguage\":\"fr-CA\"}]}<\/script>\n<!-- \/ Yoast SEO plugin. -->","yoast_head_json":{"title":"Politiques | CRT | Industries et services","description":"TRC est fi\u00e8re de publier publiquement nos politiques en mati\u00e8re de s\u00e9curit\u00e9, de qualit\u00e9, d\u2019int\u00e9grit\u00e9 et d\u2019\u00e9thique.","robots":{"index":"index","follow":"follow","max-snippet":"max-snippet:-1","max-image-preview":"max-image-preview:large","max-video-preview":"max-video-preview:-1"},"canonical":"https:\/\/www.trccompanies.com\/fr\/a-propos-de-nous\/politiques\/","og_locale":"fr_CA","og_type":"article","og_title":"Politiques | CRT | Industries et services","og_description":"TRC est fi\u00e8re de publier publiquement nos politiques en mati\u00e8re de s\u00e9curit\u00e9, de qualit\u00e9, d\u2019int\u00e9grit\u00e9 et d\u2019\u00e9thique.","og_url":"https:\/\/www.trccompanies.com\/fr\/a-propos-de-nous\/politiques\/","og_site_name":"TRC Companies","article_modified_time":"2024-11-26T11:47:53+00:00","og_image":[{"width":1792,"height":1194,"url":"https:\/\/www.trccompanies.com\/wp-content\/uploads\/2024\/10\/cf3ecb2f-zakim-bridge-from-below.webp","type":"image\/webp"}],"twitter_card":"summary_large_image","schema":{"@context":"https:\/\/schema.org","@graph":[{"@type":"WebPage","@id":"https:\/\/www.trccompanies.com\/fr\/a-propos-de-nous\/politiques\/","url":"https:\/\/www.trccompanies.com\/fr\/a-propos-de-nous\/politiques\/","name":"Politiques | CRT | Industries et services","isPartOf":{"@id":"https:\/\/www.trccompanies.com\/fr\/#website"},"primaryImageOfPage":{"@id":"https:\/\/www.trccompanies.com\/fr\/a-propos-de-nous\/politiques\/#primaryimage"},"image":{"@id":"https:\/\/www.trccompanies.com\/fr\/a-propos-de-nous\/politiques\/#primaryimage"},"thumbnailUrl":"https:\/\/www.trccompanies.com\/wp-content\/uploads\/2024\/10\/cf3ecb2f-zakim-bridge-from-below.webp","datePublished":"2024-07-10T12:43:49+00:00","dateModified":"2024-11-26T11:47:53+00:00","description":"TRC est fi\u00e8re de publier publiquement nos politiques en mati\u00e8re de s\u00e9curit\u00e9, de qualit\u00e9, d\u2019int\u00e9grit\u00e9 et d\u2019\u00e9thique.","breadcrumb":{"@id":"https:\/\/www.trccompanies.com\/fr\/a-propos-de-nous\/politiques\/#breadcrumb"},"inLanguage":"fr-CA","potentialAction":[{"@type":"ReadAction","target":["https:\/\/www.trccompanies.com\/fr\/a-propos-de-nous\/politiques\/"]}]},{"@type":"ImageObject","inLanguage":"fr-CA","@id":"https:\/\/www.trccompanies.com\/fr\/a-propos-de-nous\/politiques\/#primaryimage","url":"https:\/\/www.trccompanies.com\/wp-content\/uploads\/2024\/10\/cf3ecb2f-zakim-bridge-from-below.webp","contentUrl":"https:\/\/www.trccompanies.com\/wp-content\/uploads\/2024\/10\/cf3ecb2f-zakim-bridge-from-below.webp","width":1792,"height":1194},{"@type":"BreadcrumbList","@id":"https:\/\/www.trccompanies.com\/fr\/a-propos-de-nous\/politiques\/#breadcrumb","itemListElement":[{"@type":"ListItem","position":1,"name":"Home","item":"https:\/\/www.trccompanies.com\/fr\/"},{"@type":"ListItem","position":2,"name":"\u00c0 propos de nous"}]},{"@type":"WebSite","@id":"https:\/\/www.trccompanies.com\/fr\/#website","url":"https:\/\/www.trccompanies.com\/fr\/","name":"TRC Companies","description":"","potentialAction":[{"@type":"SearchAction","target":{"@type":"EntryPoint","urlTemplate":"https:\/\/www.trccompanies.com\/fr\/?s={search_term_string}"},"query-input":{"@type":"PropertyValueSpecification","valueRequired":true,"valueName":"search_term_string"}}],"inLanguage":"fr-CA"}]}},"_links":{"self":[{"href":"https:\/\/www.trccompanies.com\/fr\/wp-json\/wp\/v2\/pages\/21430","targetHints":{"allow":["GET"]}}],"collection":[{"href":"https:\/\/www.trccompanies.com\/fr\/wp-json\/wp\/v2\/pages"}],"about":[{"href":"https:\/\/www.trccompanies.com\/fr\/wp-json\/wp\/v2\/types\/page"}],"author":[{"embeddable":true,"href":"https:\/\/www.trccompanies.com\/fr\/wp-json\/wp\/v2\/users\/2"}],"replies":[{"embeddable":true,"href":"https:\/\/www.trccompanies.com\/fr\/wp-json\/wp\/v2\/comments?post=21430"}],"version-history":[{"count":0,"href":"https:\/\/www.trccompanies.com\/fr\/wp-json\/wp\/v2\/pages\/21430\/revisions"}],"up":[{"embeddable":true,"href":"https:\/\/www.trccompanies.com\/fr\/wp-json\/wp\/v2\/pages\/21355"}],"wp:featuredmedia":[{"embeddable":true,"href":"https:\/\/www.trccompanies.com\/fr\/wp-json\/wp\/v2\/media\/17627"}],"wp:attachment":[{"href":"https:\/\/www.trccompanies.com\/fr\/wp-json\/wp\/v2\/media?parent=21430"}],"curies":[{"name":"wp","href":"https:\/\/api.w.org\/{rel}","templated":true}]}}